{"id":155,"date":"2025-01-29T17:24:32","date_gmt":"2025-01-29T16:24:32","guid":{"rendered":"https:\/\/mathildenyai.fr\/?page_id=155"},"modified":"2026-04-29T12:47:35","modified_gmt":"2026-04-29T10:47:35","slug":"developpement","status":"publish","type":"page","link":"https:\/\/mathildenyai.fr\/?page_id=155","title":{"rendered":"D\u00e9veloppement"},"content":{"rendered":"\n<p class=\"has-text-align-center\"><strong><em>Ann\u00e9es 2024-2026. Classe : BTS SIO<\/em><\/strong><\/p>\n\n\n\n\n\n<div class=\"wp-block-uagb-container uagb-block-1483a824 alignfull uagb-is-root-container\"><div class=\"uagb-container-inner-blocks-wrap\">\n<div class=\"wp-block-uagb-container uagb-block-4a59490c\">\n<div class=\"wp-block-group has-palette-color-5-background-color has-background is-vertical is-layout-flex wp-container-core-group-is-layout-f22ea54a wp-block-group-is-layout-flex\" style=\"margin-top:var(--wp--preset--spacing--50);margin-bottom:var(--wp--preset--spacing--50)\">\n<p class=\"has-text-align-center has-palette-color-5-background-color has-background has-medium-font-size\"><strong>TECHSOLUTIONS <\/strong><\/p>\n\n\n\n<div class=\"wp-block-group is-vertical is-layout-flex wp-container-core-group-is-layout-fe9cc265 wp-block-group-is-layout-flex\">\n<div class=\"wp-block-group has-palette-color-5-background-color has-background is-vertical is-layout-flex wp-container-core-group-is-layout-fe9cc265 wp-block-group-is-layout-flex\">\n<p>Site dynamique vitrine pour une entreprise de services informatiques. La partie publique pr\u00e9sente les services et les actualit\u00e9s. <\/p>\n\n\n\n<p>En back-end : impl\u00e9mentations de plusieurs CRUD (Services, Actualit\u00e9s) en PHP\/MySQL. <\/p>\n\n\n\n<p>Comp\u00e9tences : ma\u00eetrise de la cr\u00e9ation d\u2019un site administrable. Comprendre le d\u00e9veloppement d&rsquo;un site web.<\/p>\n<\/div>\n<\/div>\n<\/div>\n<\/div>\n\n\n\n<div class=\"wp-block-uagb-container uagb-block-d3328851\">\n<figure class=\"wp-block-image size-large\"><img loading=\"lazy\" decoding=\"async\" width=\"1024\" height=\"467\" src=\"https:\/\/mathildenyai.fr\/wp-content\/uploads\/2026\/04\/Capture-decran-2026-04-02-115235-1024x467.png\" alt=\"\" class=\"wp-image-939\" srcset=\"https:\/\/mathildenyai.fr\/wp-content\/uploads\/2026\/04\/Capture-decran-2026-04-02-115235-1024x467.png 1024w, https:\/\/mathildenyai.fr\/wp-content\/uploads\/2026\/04\/Capture-decran-2026-04-02-115235-300x137.png 300w, https:\/\/mathildenyai.fr\/wp-content\/uploads\/2026\/04\/Capture-decran-2026-04-02-115235-768x350.png 768w, https:\/\/mathildenyai.fr\/wp-content\/uploads\/2026\/04\/Capture-decran-2026-04-02-115235-1536x701.png 1536w, https:\/\/mathildenyai.fr\/wp-content\/uploads\/2026\/04\/Capture-decran-2026-04-02-115235.png 1845w\" sizes=\"auto, (max-width: 1024px) 100vw, 1024px\" \/><\/figure>\n<\/div>\n<\/div><\/div>\n\n\n\n<div class=\"wp-block-columns has-palette-color-5-background-color has-background is-layout-flex wp-container-core-columns-is-layout-0df1bc76 wp-block-columns-is-layout-flex\" style=\"border-width:3px;margin-top:var(--wp--preset--spacing--70);margin-bottom:var(--wp--preset--spacing--70);padding-right:var(--wp--preset--spacing--20);padding-left:var(--wp--preset--spacing--20)\">\n<div class=\"wp-block-column is-layout-flow wp-block-column-is-layout-flow\">\n<div class=\"wp-block-uagb-image uagb-block-b3ce1149 wp-block-uagb-image--layout-default wp-block-uagb-image--effect-static wp-block-uagb-image--align-none\"><figure class=\"wp-block-uagb-image__figure\"><img decoding=\"async\" srcset=\"https:\/\/mathildenyai.fr\/wp-content\/uploads\/2026\/03\/image-1.jpg ,https:\/\/mathildenyai.fr\/wp-content\/uploads\/2026\/03\/image-1.jpg 780w, https:\/\/mathildenyai.fr\/wp-content\/uploads\/2026\/03\/image-1.jpg 360w\" sizes=\"auto, (max-width: 480px) 150px\" src=\"https:\/\/mathildenyai.fr\/wp-content\/uploads\/2026\/03\/image-1.jpg\" alt=\"\" class=\"uag-image-903\" width=\"459\" height=\"62\" title=\"image\" loading=\"lazy\" role=\"img\"\/><\/figure><\/div>\n<\/div>\n\n\n\n<div class=\"wp-block-column is-layout-flow wp-block-column-is-layout-flow\">\n<h4 class=\"wp-block-heading has-text-align-center\">TP &#8211; Base de donn\u00e9es<\/h4>\n\n\n\n<div class=\"wp-block-file wp-elements-5216e65ea709aafbbdd9b50060dbaf6b\" style=\"margin-right:var(--wp--preset--spacing--20);margin-left:var(--wp--preset--spacing--20)\"><a id=\"wp-block-file--media-7c69dd36-fab1-4c50-a460-1fb06e913aa0\" href=\"https:\/\/mathildenyai.fr\/wp-content\/uploads\/2025\/03\/techsolutions.zip\"><strong>Script SQL, projet <em>Techsolutions<\/em><\/strong><br><strong>09.12.24<\/strong><\/a><\/div>\n\n\n\n<div class=\"wp-block-file has-link-color wp-elements-1569d148ab89a85584abe672459e8abd\" style=\"padding-right:var(--wp--preset--spacing--20);padding-left:var(--wp--preset--spacing--20)\"><a id=\"wp-block-file--media-9bc6cfc2-b88e-428c-9dd7-2c54e61f90de\" href=\"https:\/\/mathildenyai.fr\/wp-content\/uploads\/2025\/03\/tp_insertion_3000v.zip\"><strong>Script SQL + PHP, projet des <em>Capteurs<\/em><\/strong><br><strong>24.01.25<\/strong><\/a><\/div>\n\n\n\n<div class=\"wp-block-file alignleft wp-elements-4d3dfbab2d239ca807213e588f4c502b\" style=\"padding-right:var(--wp--preset--spacing--20);padding-left:var(--wp--preset--spacing--20)\"><a id=\"wp-block-file--media-ccedb770-1e79-4045-80ad-bc463c0d291f\" href=\"https:\/\/mathildenyai.fr\/wp-content\/uploads\/2025\/03\/hara.zip\"><strong>Script SQL,  projet <em>Hara<\/em><\/strong><br><strong>10.02.25<\/strong><\/a><\/div>\n<\/div>\n<\/div>\n\n\n\n<div class=\"wp-block-columns is-layout-flex wp-container-core-columns-is-layout-28f84493 wp-block-columns-is-layout-flex\">\n<div class=\"wp-block-column is-layout-flow wp-block-column-is-layout-flow\" style=\"flex-basis:100%\">\n<h4 class=\"wp-block-heading has-text-align-center has-palette-color-5-background-color has-background has-large-font-size\">SCRIPTS (projet stage)<\/h4>\n<\/div>\n<\/div>\n\n\n\n<div class=\"wp-block-uagb-container uagb-block-68b54a71 alignfull uagb-is-root-container\"><div class=\"uagb-container-inner-blocks-wrap\">\n<div class=\"wp-block-uagb-container uagb-block-be68ff81\">\n<div class=\"wp-block-group is-vertical is-layout-flex wp-container-core-group-is-layout-fe9cc265 wp-block-group-is-layout-flex\">\n<p>L\u2019objectif de cette mission \u00e9tait de mettre en place une rotation automatique des mots de passe pour les comptes sensibles (administrateur local et administrateur du domaine), afin de limiter les risques li\u00e9s \u00e0 une compromission ou \u00e0 une utilisation prolong\u00e9e d\u2019identifiants critiques.<\/p>\n<\/div>\n\n\n\n<p>Pour r\u00e9pondre \u00e0 ce besoin, j\u2019ai d\u00e9velopp\u00e9 un script PowerShell permettant :<\/p>\n\n\n\n<ul class=\"wp-block-list\">\n<li>La g\u00e9n\u00e9ration automatique de mots de passe complexes (25 caract\u00e8res, al\u00e9atoires, incluant lettres, chiffres et caract\u00e8res sp\u00e9ciaux)<\/li>\n\n\n\n<li>Le changement automatique des mots de passe dans Active Directory<\/li>\n\n\n\n<li>La tra\u00e7abilit\u00e9 des op\u00e9rations (date, compte concern\u00e9)<\/li>\n\n\n\n<li>La r\u00e9cup\u00e9ration s\u00e9curis\u00e9e des nouveaux mots de passe :\n<ul class=\"wp-block-list\">\n<li>soit via envoi par e-mail (SMTP Gmail s\u00e9curis\u00e9)<\/li>\n\n\n\n<li>soit via affichage en console<\/li>\n<\/ul>\n<\/li>\n<\/ul>\n\n\n\n<p>Le script s\u2019appuie sur le module Active Directory PowerShell et sur un syst\u00e8me d\u2019authentification s\u00e9curis\u00e9 via mot de passe d\u2019application Gmail.<\/p>\n\n\n\n<p>Afin d\u2019automatiser totalement le processus, une t\u00e2che planifi\u00e9e Windows Server 2022 a \u00e9t\u00e9 mise en place pour ex\u00e9cuter le script tous les 7 jours.<br><\/p>\n<\/div>\n\n\n\n<div class=\"wp-block-uagb-container uagb-block-2162ed21\">\n<div data-wp-interactive=\"core\/file\" class=\"wp-block-file\"><object data-wp-bind--hidden=\"!state.hasPdfPreview\" hidden class=\"wp-block-file__embed\" data=\"https:\/\/mathildenyai.fr\/wp-content\/uploads\/2026\/03\/script-doc-2.pdf\" type=\"application\/pdf\" style=\"width:100%;height:600px\" aria-label=\"Contenu embarqu\u00e9 script-doc.\"><\/object><a id=\"wp-block-file--media-5984c3a2-67aa-40f0-bb62-32ed1cee4c0e\" href=\"https:\/\/mathildenyai.fr\/wp-content\/uploads\/2026\/03\/script-doc-2.pdf\">script-doc<\/a><a href=\"https:\/\/mathildenyai.fr\/wp-content\/uploads\/2026\/03\/script-doc-2.pdf\" class=\"wp-block-file__button wp-element-button\" download aria-describedby=\"wp-block-file--media-5984c3a2-67aa-40f0-bb62-32ed1cee4c0e\">T\u00e9l\u00e9charger<\/a><\/div>\n<\/div>\n<\/div><\/div>\n","protected":false},"excerpt":{"rendered":"<p>Ann\u00e9es 2024-2026. Classe : BTS SIO TECHSOLUTIONS Site dynamique vitrine pour une entreprise de services informatiques. La partie publique pr\u00e9sente les services et les actualit\u00e9s. En back-end : impl\u00e9mentations de plusieurs CRUD (Services, Actualit\u00e9s) en PHP\/MySQL. Comp\u00e9tences : ma\u00eetrise de la cr\u00e9ation d\u2019un site administrable. Comprendre le d\u00e9veloppement d&rsquo;un site web. TP &#8211; Base de [&hellip;]<\/p>\n","protected":false},"author":1,"featured_media":0,"parent":0,"menu_order":0,"comment_status":"closed","ping_status":"closed","template":"","meta":{"_uag_custom_page_level_css":"","footnotes":""},"class_list":["post-155","page","type-page","status-publish","hentry"],"blocksy_meta":[],"uagb_featured_image_src":{"full":false,"thumbnail":false,"medium":false,"medium_large":false,"large":false,"1536x1536":false,"2048x2048":false,"rb-resume-thumbnail":false},"uagb_author_info":{"display_name":"nyaimathilde","author_link":"https:\/\/mathildenyai.fr\/?author=1"},"uagb_comment_info":0,"uagb_excerpt":"Ann\u00e9es 2024-2026. Classe : BTS SIO TECHSOLUTIONS Site dynamique vitrine pour une entreprise de services informatiques. La partie publique pr\u00e9sente les services et les actualit\u00e9s. En back-end : impl\u00e9mentations de plusieurs CRUD (Services, Actualit\u00e9s) en PHP\/MySQL. Comp\u00e9tences : ma\u00eetrise de la cr\u00e9ation d\u2019un site administrable. Comprendre le d\u00e9veloppement d&rsquo;un site web. TP &#8211; Base de\u2026","_links":{"self":[{"href":"https:\/\/mathildenyai.fr\/index.php?rest_route=\/wp\/v2\/pages\/155","targetHints":{"allow":["GET"]}}],"collection":[{"href":"https:\/\/mathildenyai.fr\/index.php?rest_route=\/wp\/v2\/pages"}],"about":[{"href":"https:\/\/mathildenyai.fr\/index.php?rest_route=\/wp\/v2\/types\/page"}],"author":[{"embeddable":true,"href":"https:\/\/mathildenyai.fr\/index.php?rest_route=\/wp\/v2\/users\/1"}],"replies":[{"embeddable":true,"href":"https:\/\/mathildenyai.fr\/index.php?rest_route=%2Fwp%2Fv2%2Fcomments&post=155"}],"version-history":[{"count":53,"href":"https:\/\/mathildenyai.fr\/index.php?rest_route=\/wp\/v2\/pages\/155\/revisions"}],"predecessor-version":[{"id":954,"href":"https:\/\/mathildenyai.fr\/index.php?rest_route=\/wp\/v2\/pages\/155\/revisions\/954"}],"wp:attachment":[{"href":"https:\/\/mathildenyai.fr\/index.php?rest_route=%2Fwp%2Fv2%2Fmedia&parent=155"}],"curies":[{"name":"wp","href":"https:\/\/api.w.org\/{rel}","templated":true}]}}