{"id":365,"date":"2025-03-11T13:45:28","date_gmt":"2025-03-11T12:45:28","guid":{"rendered":"https:\/\/mathildenyai.fr\/?page_id=365"},"modified":"2026-03-31T23:14:06","modified_gmt":"2026-03-31T21:14:06","slug":"suivi-de-stage","status":"publish","type":"page","link":"https:\/\/mathildenyai.fr\/?page_id=365","title":{"rendered":"Suivis de stages"},"content":{"rendered":"\n<div class=\"wp-block-group is-vertical is-layout-flex wp-container-core-group-is-layout-f22ea54a wp-block-group-is-layout-flex\" style=\"margin-top:var(--wp--preset--spacing--50);margin-bottom:var(--wp--preset--spacing--50)\">\n<p>1\u00e8re Ann\u00e9e <\/p>\n\n\n\n<p>Service informatique &#8211; Mairie de P\u00e9rigueux <\/p>\n<\/div>\n\n\n\n<div class=\"wp-block-group is-vertical is-layout-flex wp-container-core-group-is-layout-8bd63d37 wp-block-group-is-layout-flex\" style=\"margin-top:var(--wp--preset--spacing--50);margin-bottom:var(--wp--preset--spacing--50)\">\n<p>2\u00e8me ann\u00e9e <\/p>\n\n\n\n<p>Entreprise Le z\u00e9ro et L&rsquo;infini &#8211; Notre Dame de Sanhilac <\/p>\n<\/div>\n\n\n\n<div class=\"wp-block-uagb-slider uagb-block-f8bc8cdd uagb-slider-container\"><div class=\"uagb-slides uagb-swiper\"><div class=\"swiper-wrapper\">\n<div class=\"wp-block-uagb-slider-child uagb-slider-child-wrap swiper-slide uagb-block-8203c888\"><div class=\"swiper-content\">\n<div class=\"wp-block-uagb-info-box uagb-block-839db568 uagb-infobox__content-wrap  uagb-infobox-icon-above-title uagb-infobox-image-valign-top\"><div class=\"uagb-ifb-content\"><div class=\"uagb-ifb-title-wrap\"><h3 class=\"uagb-ifb-title\">Mairie de P\u00e9rigueux<\/h3><\/div><div class=\"uagb-ifb-button-wrapper wp-block-button\"><a href=\"https:\/\/mathildenyai.fr\/?page_id=432\" class=\"uagb-infobox-cta-link wp-block-button__link\" target=\"_self\" rel=\"noopener noreferrer\" onclick=\"return true;\"><span class=\"uagb-inline-editing\">Voir<\/span><\/a><\/div><\/div><\/div>\n<\/div><\/div>\n\n\n\n<div class=\"wp-block-uagb-slider-child uagb-slider-child-wrap swiper-slide uagb-block-05f5934b\"><div class=\"swiper-content\">\n<div class=\"wp-block-uagb-container uagb-block-23eab283 alignfull uagb-is-root-container\"><div class=\"uagb-container-inner-blocks-wrap\">\n<div class=\"wp-block-uagb-info-box uagb-block-6adea291 uagb-infobox__content-wrap  uagb-infobox-icon-above-title uagb-infobox-image-valign-top\"><div class=\"uagb-ifb-content\"><div class=\"uagb-ifb-title-wrap\"><h3 class=\"uagb-ifb-title\">Le z\u00e9ro et l&rsquo;infini<\/h3><\/div><div class=\"uagb-ifb-button-wrapper wp-block-button\"><a href=\"https:\/\/mathildenyai.fr\/?page_id=436\" class=\"uagb-infobox-cta-link wp-block-button__link\" target=\"_self\" rel=\"noopener noreferrer\" onclick=\"return true;\"><span class=\"uagb-inline-editing\">Voir<\/span><\/a><\/div><\/div><\/div>\n<\/div><\/div>\n<\/div><\/div>\n<\/div><\/div><div class=\"swiper-pagination\"><\/div><div class=\"swiper-button-prev\"><\/div><div class=\"swiper-button-next\"><\/div><\/div>\n\n\n\n<p class=\"has-palette-color-8-color has-text-color has-link-color wp-elements-470f5694afe024e470f0e8429a98b7a2\"><\/p>\n\n\n\n<p><\/p>\n","protected":false},"excerpt":{"rendered":"<p>1\u00e8re Ann\u00e9e Service informatique &#8211; Mairie de P\u00e9rigueux 2\u00e8me ann\u00e9e Entreprise Le z\u00e9ro et L&rsquo;infini &#8211; Notre Dame de Sanhilac<\/p>\n","protected":false},"author":1,"featured_media":0,"parent":0,"menu_order":0,"comment_status":"closed","ping_status":"closed","template":"","meta":{"_uag_custom_page_level_css":"","footnotes":""},"class_list":["post-365","page","type-page","status-publish","hentry"],"blocksy_meta":[],"uagb_featured_image_src":{"full":false,"thumbnail":false,"medium":false,"medium_large":false,"large":false,"1536x1536":false,"2048x2048":false,"rb-resume-thumbnail":false},"uagb_author_info":{"display_name":"nyaimathilde","author_link":"https:\/\/mathildenyai.fr\/?author=1"},"uagb_comment_info":0,"uagb_excerpt":"1\u00e8re Ann\u00e9e Service informatique &#8211; Mairie de P\u00e9rigueux 2\u00e8me ann\u00e9e Entreprise Le z\u00e9ro et L&rsquo;infini &#8211; Notre Dame de Sanhilac","_links":{"self":[{"href":"https:\/\/mathildenyai.fr\/index.php?rest_route=\/wp\/v2\/pages\/365","targetHints":{"allow":["GET"]}}],"collection":[{"href":"https:\/\/mathildenyai.fr\/index.php?rest_route=\/wp\/v2\/pages"}],"about":[{"href":"https:\/\/mathildenyai.fr\/index.php?rest_route=\/wp\/v2\/types\/page"}],"author":[{"embeddable":true,"href":"https:\/\/mathildenyai.fr\/index.php?rest_route=\/wp\/v2\/users\/1"}],"replies":[{"embeddable":true,"href":"https:\/\/mathildenyai.fr\/index.php?rest_route=%2Fwp%2Fv2%2Fcomments&post=365"}],"version-history":[{"count":31,"href":"https:\/\/mathildenyai.fr\/index.php?rest_route=\/wp\/v2\/pages\/365\/revisions"}],"predecessor-version":[{"id":926,"href":"https:\/\/mathildenyai.fr\/index.php?rest_route=\/wp\/v2\/pages\/365\/revisions\/926"}],"wp:attachment":[{"href":"https:\/\/mathildenyai.fr\/index.php?rest_route=%2Fwp%2Fv2%2Fmedia&parent=365"}],"curies":[{"name":"wp","href":"https:\/\/api.w.org\/{rel}","templated":true}]}}