{"id":432,"date":"2025-05-13T13:13:54","date_gmt":"2025-05-13T11:13:54","guid":{"rendered":"https:\/\/mathildenyai.fr\/?page_id=432"},"modified":"2026-03-31T23:16:19","modified_gmt":"2026-03-31T21:16:19","slug":"stage","status":"publish","type":"page","link":"https:\/\/mathildenyai.fr\/?page_id=432","title":{"rendered":"Mairie de P\u00e9rigueux"},"content":{"rendered":"\n<div class=\"wp-block-columns is-layout-flex wp-container-core-columns-is-layout-28f84493 wp-block-columns-is-layout-flex\">\n<div class=\"wp-block-column has-kind-steel-gradient-background has-background is-layout-flow wp-block-column-is-layout-flow\" style=\"border-width:2px\">\n<p class=\"has-text-align-center has-wild-apple-gradient-background has-background\"><strong>1\u00e8re semaine<\/strong><\/p>\n\n\n\n<p style=\"padding-right:var(--wp--preset--spacing--20);padding-left:var(--wp--preset--spacing--20)\"> Lundi &#8211; 26\/05\/2025<\/p>\n\n\n\n<div class=\"wp-block-file has-link-color wp-elements-2f645e97b9a57dab371ff79f817a3f33\" style=\"padding-right:var(--wp--preset--spacing--20);padding-left:var(--wp--preset--spacing--20)\"><a id=\"wp-block-file--media-d2612b62-7003-4849-a1c6-76699b27735e\" href=\"https:\/\/mathildenyai.fr\/wp-content\/uploads\/2025\/06\/journal_bord_j1.pdf\"><strong>Journal_de_bord_j1.pdf<\/strong><\/a><\/div>\n\n\n\n<p style=\"padding-right:var(--wp--preset--spacing--20);padding-left:var(--wp--preset--spacing--20)\"> Mardi &#8211; 27\/05\/2025<\/p>\n\n\n\n<div class=\"wp-block-file has-link-color wp-elements-c90f2facb74ade26b9400355a511e238\" style=\"margin-right:var(--wp--preset--spacing--30);margin-left:var(--wp--preset--spacing--30);padding-top:0;padding-bottom:0\"><a id=\"wp-block-file--media-4f4ca91e-6d0f-4802-94e7-ac82b0eafbfe\" href=\"https:\/\/mathildenyai.fr\/wp-content\/uploads\/2025\/06\/journal_bord_j2.pdf\"><strong>Journal_de<\/strong>_<strong>bord_j2.pdf<\/strong><\/a><\/div>\n\n\n\n<div class=\"wp-block-file has-link-color wp-elements-9b81275818d06488a428cdcaf50b9c84\" style=\"margin-right:var(--wp--preset--spacing--30);margin-left:var(--wp--preset--spacing--30);padding-top:0;padding-bottom:0\"><a id=\"wp-block-file--media-df4b3bd1-b811-4abc-b29a-2880b2fbba16\" href=\"https:\/\/mathildenyai.fr\/wp-content\/uploads\/2025\/06\/shcema_esx_mairie.png\"><strong>Sch\u00e9ma<\/strong> <strong>infrastructure ESX_mairie.png<\/strong><\/a><\/div>\n\n\n\n<div class=\"wp-block-file has-link-color wp-elements-ec2d761a35d4a257b89b2936bc64acaa\" style=\"margin-right:var(--wp--preset--spacing--30);margin-left:var(--wp--preset--spacing--30);padding-top:0;padding-bottom:0\"><a id=\"wp-block-file--media-cc78ce17-32b6-4468-9c7d-bdfeec2c84b8\" href=\"https:\/\/mathildenyai.fr\/wp-content\/uploads\/2025\/06\/schema_esx_ecoles.png\"><strong>Sch\u00e9ma<\/strong> <strong>infrastructure ESX_\u00e9coles.png<\/strong><\/a><\/div>\n\n\n\n<p style=\"padding-right:var(--wp--preset--spacing--20);padding-left:var(--wp--preset--spacing--20)\"> Mercredi &#8211; 28\/05\/2025<\/p>\n\n\n\n<div class=\"wp-block-file has-link-color wp-elements-b5ce425db40ce96fd2ea4f6fd44fc6ac\" style=\"padding-right:var(--wp--preset--spacing--20);padding-left:var(--wp--preset--spacing--20)\"><a id=\"wp-block-file--media-59d9360e-3e84-412d-95c6-8c3cf27079bf\" href=\"https:\/\/mathildenyai.fr\/wp-content\/uploads\/2025\/06\/journal_bord_j3-1.pdf\"><strong>Journal_de<\/strong>_<strong>bord_j3.pdf<\/strong><\/a><\/div>\n\n\n\n<div class=\"wp-block-file has-link-color wp-elements-71da7ceba15e07ae7390c65994701bbb\" style=\"padding-right:var(--wp--preset--spacing--20);padding-left:var(--wp--preset--spacing--20)\"><a id=\"wp-block-file--media-acb226c2-0b7f-43e4-b0f3-63387a4c7052\" href=\"https:\/\/mathildenyai.fr\/wp-content\/uploads\/2025\/06\/infra_office_tourisme.png\"><strong>Sch\u00e9ma infrastructure r\u00e9seau &#8211; office du tourisme.png<\/strong><\/a><\/div>\n\n\n\n<p><\/p>\n<\/div>\n<\/div>\n\n\n\n<hr class=\"wp-block-separator has-alpha-channel-opacity\"\/>\n\n\n\n<div class=\"wp-block-columns is-layout-flex wp-container-core-columns-is-layout-28f84493 wp-block-columns-is-layout-flex\">\n<div class=\"wp-block-column has-kind-steel-gradient-background has-background is-layout-flow wp-block-column-is-layout-flow\" style=\"border-width:2px\">\n<p class=\"has-text-align-center has-wild-apple-gradient-background has-background\"><strong>2\u00e8me semaine<\/strong><\/p>\n\n\n\n<p style=\"padding-right:var(--wp--preset--spacing--20);padding-left:var(--wp--preset--spacing--20)\"> Lundi &#8211; 02\/06\/2025<\/p>\n\n\n\n<div class=\"wp-block-file has-link-color wp-elements-9fdec343ac4deb83fe3bfc9855c32a28\" style=\"margin-right:0;margin-left:0;padding-right:var(--wp--preset--spacing--20);padding-left:var(--wp--preset--spacing--20)\"><a id=\"wp-block-file--media-241970eb-946b-4b19-8809-79f7b7587aeb\" href=\"https:\/\/mathildenyai.fr\/wp-content\/uploads\/2025\/06\/journal_bord_j4.pdf\"><strong>Journal_de<\/strong>_<strong>bord_j4.pdf<\/strong><\/a><\/div>\n\n\n\n<p style=\"padding-right:var(--wp--preset--spacing--20);padding-left:var(--wp--preset--spacing--20)\"> Mardi &#8211; 03\/06\/2025<\/p>\n\n\n\n<div class=\"wp-block-file has-link-color wp-elements-e8f1a94720ecfcb79596741dab2afb71\" style=\"padding-right:var(--wp--preset--spacing--20);padding-left:var(--wp--preset--spacing--20)\"><a id=\"wp-block-file--media-f730922b-422e-4a11-992b-b664e63e5a6e\" href=\"https:\/\/mathildenyai.fr\/wp-content\/uploads\/2025\/06\/journal_bord_j5.pdf\"><strong>Journal_de_bord_j5.pdf<\/strong><\/a><\/div>\n\n\n\n<div class=\"wp-block-file has-link-color wp-elements-0f99ec1d635ccb301e0602a45dc4305e\" style=\"padding-right:var(--wp--preset--spacing--20);padding-left:var(--wp--preset--spacing--20)\"><a id=\"wp-block-file--media-35b560d3-4e42-44ba-8379-e26e364cb5ce\" href=\"https:\/\/mathildenyai.fr\/wp-content\/uploads\/2025\/06\/ESX_ecoles_modif.png\"><strong>Sch\u00e9ma ESX \u00e9coles modifications.png<\/strong><\/a><\/div>\n\n\n\n<p style=\"padding-right:var(--wp--preset--spacing--20);padding-left:var(--wp--preset--spacing--20)\"> Mercredi &#8211; 04\/06\/2025<\/p>\n\n\n\n<div class=\"wp-block-file has-link-color wp-elements-f9fe790709c3f7e9e427874374abfa38\" style=\"padding-right:var(--wp--preset--spacing--20);padding-left:var(--wp--preset--spacing--20)\"><a id=\"wp-block-file--media-61bc0cf1-6eb6-4d26-8058-59bfbf886339\" href=\"https:\/\/mathildenyai.fr\/wp-content\/uploads\/2025\/06\/journal_bord_j6.pdf\"><strong>Journal_de_bord_j6.pdf<\/strong><\/a><\/div>\n\n\n\n<div class=\"wp-block-file has-link-color wp-elements-87c5b2a40e75b9725cbd94b49dde438d\" style=\"padding-right:var(--wp--preset--spacing--20);padding-left:var(--wp--preset--spacing--20)\"><a id=\"wp-block-file--media-8e07a251-8364-4855-a1d3-a6f175fc1439\" href=\"https:\/\/mathildenyai.fr\/wp-content\/uploads\/2025\/06\/ESX-11.png\"><strong>Sch\u00e9ma_r<\/strong>\u00e9<strong>seau_pare_feuESX_\u00e9coles.png<\/strong><\/a><\/div>\n\n\n\n<div class=\"wp-block-file has-link-color wp-elements-23522f5b7da98a040858798913e80b5e\" style=\"padding-right:var(--wp--preset--spacing--20);padding-left:var(--wp--preset--spacing--20)\"><a id=\"wp-block-file--media-3a126fc1-1ad4-4ddb-baa8-aa54f1d21096\" href=\"https:\/\/mathildenyai.fr\/wp-content\/uploads\/2025\/06\/schema_esx_ecoles_vlans.png\"><strong>Sch\u00e9ma r<\/strong>\u00e9<strong>seau_pare_feu_ESX \u00e9coles_mairie.png<\/strong><\/a><\/div>\n\n\n\n<div class=\"wp-block-columns is-layout-flex wp-container-core-columns-is-layout-28f84493 wp-block-columns-is-layout-flex\">\n<div class=\"wp-block-column is-layout-flow wp-block-column-is-layout-flow\">\n<p style=\"padding-right:var(--wp--preset--spacing--20);padding-left:var(--wp--preset--spacing--20)\">Jeudi &#8211; 05\/06\/2025<\/p>\n\n\n\n<div class=\"wp-block-file has-link-color wp-elements-bf05533315f667ec69e1bdfc79e7468a\" style=\"padding-right:var(--wp--preset--spacing--20);padding-left:var(--wp--preset--spacing--20)\"><a id=\"wp-block-file--media-fead7f40-f540-40c4-b886-ceb4f6c091e0\" href=\"https:\/\/mathildenyai.fr\/wp-content\/uploads\/2025\/06\/journal_bord_j7.pdf\"><strong>journal_de<\/strong>_<strong>bord_j7.pdf<\/strong><\/a><\/div>\n\n\n\n<div class=\"wp-block-file has-link-color wp-elements-9448f4448397e2a5224ac479b47fe56f\" style=\"padding-right:var(--wp--preset--spacing--20);padding-left:var(--wp--preset--spacing--20)\"><a id=\"wp-block-file--media-29f6cbbc-5cb4-4576-b6c0-af822a82fd05\" href=\"https:\/\/mathildenyai.fr\/wp-content\/uploads\/2025\/06\/rapport_tests_vm-3.pdf\"><strong>Rapport<\/strong> <strong>de tests VM.pdf<\/strong><\/a><\/div>\n<\/div>\n\n\n\n<div class=\"wp-block-column is-layout-flow wp-block-column-is-layout-flow\"><\/div>\n<\/div>\n\n\n\n<div class=\"wp-block-file has-link-color wp-elements-65dfbb7ead2c696551ce24cf536dee3b\" style=\"margin-right:var(--wp--preset--spacing--20);margin-left:var(--wp--preset--spacing--20)\"><a id=\"wp-block-file--media-baa511c2-9723-4340-92d4-12dbc6774f85\" href=\"https:\/\/mathildenyai.fr\/wp-content\/uploads\/2025\/06\/rapport_test_reseau_vlan2010.pdf\"><strong>Rapport de tests r\u00e9seau vlan2010.pdf<\/strong><\/a><\/div>\n\n\n\n<p style=\"padding-right:var(--wp--preset--spacing--20);padding-left:var(--wp--preset--spacing--20)\"> Vendredi &#8211; 06\/06\/2025<\/p>\n\n\n\n<div class=\"wp-block-file has-link-color wp-elements-1ab320b4bfb11364086bb598ecfc42d1\" style=\"padding-right:var(--wp--preset--spacing--20);padding-left:var(--wp--preset--spacing--20)\"><a id=\"wp-block-file--media-6ac0df3c-9735-4f92-ab48-3aad046fc4a3\" href=\"https:\/\/mathildenyai.fr\/wp-content\/uploads\/2025\/06\/journal_bord_j8.pdf\"><strong>Journal_de_bord_j8.pdf<\/strong><\/a><\/div>\n\n\n\n<div class=\"wp-block-file has-link-color wp-elements-a86b0aee278c259c22b8f3ac20833e50\" style=\"padding-right:var(--wp--preset--spacing--20);padding-left:var(--wp--preset--spacing--20)\"><a id=\"wp-block-file--media-8d68d4de-fea1-418b-a070-889abbf5cd5f\" href=\"https:\/\/mathildenyai.fr\/wp-content\/uploads\/2025\/06\/VLAN_2010.png\"><strong>Sch\u00e9ma r<\/strong>\u00e9<strong>seau_brassage_vlan_2010.png<\/strong><\/a><\/div>\n\n\n\n<p><\/p>\n<\/div>\n<\/div>\n\n\n\n<hr class=\"wp-block-separator has-alpha-channel-opacity\"\/>\n\n\n\n<div class=\"wp-block-columns is-layout-flex wp-container-core-columns-is-layout-28f84493 wp-block-columns-is-layout-flex\">\n<div class=\"wp-block-column has-kind-steel-gradient-background has-background is-layout-flow wp-block-column-is-layout-flow\" style=\"border-width:2px\">\n<p class=\"has-text-align-center has-wild-apple-gradient-background has-background\"><strong>3\u00e8me semaine<\/strong><\/p>\n\n\n\n<p style=\"padding-right:var(--wp--preset--spacing--20);padding-left:var(--wp--preset--spacing--20)\">Lundi &#8211; 09\/06\/2025 &#8211; F\u00e9ri\u00e9 <\/p>\n\n\n\n<p style=\"padding-right:var(--wp--preset--spacing--20);padding-left:var(--wp--preset--spacing--20)\">Mardi &#8211; 10\/06\/2025<\/p>\n\n\n\n<div class=\"wp-block-file has-link-color wp-elements-07f402e92220616c607e223972c04aab\" style=\"padding-right:var(--wp--preset--spacing--20);padding-left:var(--wp--preset--spacing--20)\"><a id=\"wp-block-file--media-f2637834-87ef-49cf-9d24-68e480168957\" href=\"https:\/\/mathildenyai.fr\/wp-content\/uploads\/2025\/06\/journal_bord_j9-1.pdf\"><strong>Journal_de_bord_j9.pdf<\/strong><\/a><\/div>\n\n\n\n<p style=\"padding-right:var(--wp--preset--spacing--20);padding-left:var(--wp--preset--spacing--20)\">Mercredi &#8211; 11\/06\/2025<\/p>\n\n\n\n<div class=\"wp-block-file has-link-color wp-elements-def67ea26ceadd28ac1fa2a064cdbec4\" style=\"padding-right:var(--wp--preset--spacing--20);padding-left:var(--wp--preset--spacing--20)\"><a id=\"wp-block-file--media-25aad411-e49d-4d27-8bc3-edffd4d3cdc1\" href=\"https:\/\/mathildenyai.fr\/wp-content\/uploads\/2025\/06\/journal_bord_j10-1.pdf\"><strong>Journal_de_bord_j10.pdf<\/strong><\/a><\/div>\n\n\n\n<div class=\"wp-block-file has-link-color wp-elements-b6b83947905dea0f4adb323a395ab74d\" style=\"padding-top:0;padding-right:var(--wp--preset--spacing--20);padding-bottom:0;padding-left:var(--wp--preset--spacing--20)\"><a id=\"wp-block-file--media-231ddaf5-cee2-4f2f-ae34-ec34a6c60347\" href=\"https:\/\/mathildenyai.fr\/wp-content\/uploads\/2025\/06\/rapport_test_vm_srv.pdf\"><strong>Rapport de tests migration serveur VM.pdf <\/strong><\/a><\/div>\n\n\n\n<p style=\"padding-right:var(--wp--preset--spacing--20);padding-left:var(--wp--preset--spacing--20)\">Jeudi &#8211; 12\/06\/2025<\/p>\n\n\n\n<div class=\"wp-block-file has-link-color wp-elements-5167d2e02a30de25ddc29b8178f593ef\" style=\"padding-right:var(--wp--preset--spacing--20);padding-left:var(--wp--preset--spacing--20)\"><a id=\"wp-block-file--media-9757a6b4-06c1-4527-b31b-2d6e50b1f1d8\" href=\"https:\/\/mathildenyai.fr\/wp-content\/uploads\/2025\/06\/journal_bord_j11-1.pdf\"><strong>journal_de_bord_j11.pdf<\/strong><\/a><\/div>\n\n\n\n<div data-wp-interactive=\"core\/file\" class=\"wp-block-file has-link-color wp-elements-b0f35d1b3c43d068b6e025c23540b3b2\" style=\"padding-right:var(--wp--preset--spacing--20);padding-left:var(--wp--preset--spacing--20)\"><object data-wp-bind--hidden=\"!state.hasPdfPreview\" hidden class=\"wp-block-file__embed\" data=\"https:\/\/mathildenyai.fr\/wp-content\/uploads\/2025\/06\/doc_migration_veeam.pdf\" type=\"application\/pdf\" style=\"width:100%;height:200px\" aria-label=\"Contenu embarqu\u00e9 &lt;strong&gt;Documentation technique - Migration sur Veeam backup.pdf&lt;\/strong&gt;.\"><\/object><a id=\"wp-block-file--media-ca5034a9-0932-497e-8769-15f0e60e19d2\" href=\"https:\/\/mathildenyai.fr\/wp-content\/uploads\/2025\/06\/doc_migration_veeam.pdf\"><strong>Documentation technique &#8211; Migration sur Veeam backup.pdf<\/strong><\/a><\/div>\n\n\n\n<p style=\"padding-right:var(--wp--preset--spacing--20);padding-left:var(--wp--preset--spacing--20)\">Vendredi &#8211; 13\/06\/2025<\/p>\n\n\n\n<div class=\"wp-block-file has-link-color wp-elements-7170cb03601fbabdd0f8354ff905519c\" style=\"padding-right:var(--wp--preset--spacing--20);padding-left:var(--wp--preset--spacing--20)\"><a id=\"wp-block-file--media-9fdc0979-ba14-44da-b19b-40b34e99d326\" href=\"https:\/\/mathildenyai.fr\/wp-content\/uploads\/2025\/06\/journal_bord_j12.pdf\"><strong>Journal_de_bord_j12.pdf<\/strong><\/a><\/div>\n<\/div>\n<\/div>\n\n\n\n<div class=\"wp-block-columns is-layout-flex wp-container-core-columns-is-layout-28f84493 wp-block-columns-is-layout-flex\">\n<div class=\"wp-block-column is-layout-flow wp-block-column-is-layout-flow\">\n<div class=\"wp-block-columns is-layout-flex wp-container-core-columns-is-layout-28f84493 wp-block-columns-is-layout-flex\">\n<div class=\"wp-block-column is-layout-flow wp-block-column-is-layout-flow\">\n<div class=\"wp-block-columns is-layout-flex wp-container-core-columns-is-layout-28f84493 wp-block-columns-is-layout-flex\">\n<div class=\"wp-block-column is-layout-flow wp-block-column-is-layout-flow\">\n<hr class=\"wp-block-separator has-alpha-channel-opacity\"\/>\n<\/div>\n<\/div>\n<\/div>\n<\/div>\n<\/div>\n<\/div>\n\n\n\n<div class=\"wp-block-columns is-layout-flex wp-container-core-columns-is-layout-28f84493 wp-block-columns-is-layout-flex\">\n<div class=\"wp-block-column has-kind-steel-gradient-background has-background is-layout-flow wp-block-column-is-layout-flow\" style=\"border-width:2px\">\n<p class=\"has-text-align-center has-wild-apple-gradient-background has-background\"><strong>4\u00e8me semaine<\/strong><\/p>\n\n\n\n<p style=\"padding-right:var(--wp--preset--spacing--20);padding-left:var(--wp--preset--spacing--20)\">Lundi &#8211; 16\/06\/2025<\/p>\n\n\n\n<div class=\"wp-block-file has-link-color wp-elements-0a6d75ea535719d1852699b511165edb\" style=\"padding-right:var(--wp--preset--spacing--20);padding-left:var(--wp--preset--spacing--20)\"><a id=\"wp-block-file--media-acb238e4-83a8-49e2-8269-eedb39a8cf89\" href=\"https:\/\/mathildenyai.fr\/wp-content\/uploads\/2025\/06\/journal_bord_j13.pdf\"><strong>Journal_de_bord_j13.pdf<\/strong><\/a><\/div>\n\n\n\n<p style=\"padding-right:var(--wp--preset--spacing--20);padding-left:var(--wp--preset--spacing--20)\">Mardi &#8211; 17\/06\/2025<\/p>\n\n\n\n<div class=\"wp-block-file has-link-color wp-elements-933ef64aa041b952eefa575a929c36c5\" style=\"padding-right:var(--wp--preset--spacing--20);padding-left:var(--wp--preset--spacing--20)\"><a id=\"wp-block-file--media-c1e5aefd-5f19-4e13-b637-46e9fac089fa\" href=\"https:\/\/mathildenyai.fr\/wp-content\/uploads\/2025\/06\/journal_de_bord_j14.pdf\"><strong>Journal_de_bord_j14.pdf<\/strong><\/a><\/div>\n\n\n\n<div class=\"wp-block-file has-link-color wp-elements-222b53f459b612991a8ce80ecba609a8\" style=\"padding-right:var(--wp--preset--spacing--20);padding-left:var(--wp--preset--spacing--20)\"><a id=\"wp-block-file--media-cbaa98fb-6d87-4e00-8d56-84c7ea867d68\" href=\"https:\/\/mathildenyai.fr\/wp-content\/uploads\/2025\/06\/doc_vsphere.odt\"><strong>Documentation technique cr\u00e9ation machine virtuelle_Vsphere.pdf<\/strong><\/a><\/div>\n\n\n\n<p style=\"padding-right:var(--wp--preset--spacing--20);padding-left:var(--wp--preset--spacing--20)\">Mercredi &#8211; 18\/06\/2025<\/p>\n\n\n\n<div class=\"wp-block-file has-link-color wp-elements-4b07d72b57b4ee5ff9652e4fcd118c0a\" style=\"padding-right:var(--wp--preset--spacing--20);padding-left:var(--wp--preset--spacing--20)\"><a id=\"wp-block-file--media-e0420ca6-e79a-42fd-92ae-106776c7f2bc\" href=\"https:\/\/mathildenyai.fr\/wp-content\/uploads\/2025\/06\/journal_bord_j15.pdf\"><strong>Journal_de_bord_j15.pdf<\/strong><\/a><\/div>\n\n\n\n<p style=\"padding-right:var(--wp--preset--spacing--20);padding-left:var(--wp--preset--spacing--20)\">Jeudi &#8211; 19\/06\/2025<\/p>\n\n\n\n<div class=\"wp-block-file has-link-color wp-elements-45fc5fb08b198cd03641c861f6b39893\" style=\"margin-right:var(--wp--preset--spacing--20);margin-left:var(--wp--preset--spacing--20)\"><a id=\"wp-block-file--media-38a3a2b5-1dcb-4619-9c2d-86bd7d748766\" href=\"https:\/\/mathildenyai.fr\/wp-content\/uploads\/2025\/06\/journal_bord_j16.pdf\"><strong>Journal_de_bord_j16.pdf<\/strong><\/a><\/div>\n\n\n\n<p style=\"padding-right:var(--wp--preset--spacing--20);padding-left:var(--wp--preset--spacing--20)\">Vendredi &#8211; 20\/06\/2025<\/p>\n\n\n\n<div class=\"wp-block-file has-link-color wp-elements-d8e26ae26e38036c226b1b8cdb984bf4\" style=\"padding-right:var(--wp--preset--spacing--20);padding-left:var(--wp--preset--spacing--20)\"><a id=\"wp-block-file--media-b016c0ef-cf4b-41cb-af1c-ce6924dab05d\" href=\"https:\/\/mathildenyai.fr\/wp-content\/uploads\/2025\/06\/journal_bord_j17.pdf\"><strong>Journal_de_bord_j17.pdf<\/strong><\/a><\/div>\n\n\n\n<div class=\"wp-block-file has-link-color wp-elements-9bcd8dbb546ddc1d6066617d487c0e52\" style=\"padding-right:var(--wp--preset--spacing--20);padding-left:var(--wp--preset--spacing--20)\"><a id=\"wp-block-file--media-d0bbf481-7eb1-4110-82c5-f243c0db5922\" href=\"https:\/\/mathildenyai.fr\/wp-content\/uploads\/2025\/06\/schema_deploiment_reseau_switch_6360.png\"><strong>Sch\u00e9ma_d\u00e9ploiement_r\u00e9seau_switch_6360.png<\/strong><\/a><\/div>\n\n\n\n<div class=\"wp-block-file has-link-color wp-elements-62d8d8d20e184e99ff05c725fc2e86e8\" style=\"padding-right:var(--wp--preset--spacing--20);padding-left:var(--wp--preset--spacing--20)\"><a id=\"wp-block-file--media-0194253e-a1ce-44d0-9348-f31070e91db6\" href=\"https:\/\/mathildenyai.fr\/wp-content\/uploads\/2025\/06\/test_deploiement_switch_6360.png\"><strong>Sch\u00e9ma_tests_d\u00e9ploiement_switch_6360.png<\/strong><\/a><\/div>\n<\/div>\n<\/div>\n\n\n\n<hr class=\"wp-block-separator has-alpha-channel-opacity\"\/>\n\n\n\n<div class=\"wp-block-columns is-layout-flex wp-container-core-columns-is-layout-28f84493 wp-block-columns-is-layout-flex\">\n<div class=\"wp-block-column has-kind-steel-gradient-background has-background is-layout-flow wp-block-column-is-layout-flow\" style=\"border-width:2px\">\n<p class=\"has-text-align-center has-wild-apple-gradient-background has-background\"><strong>5\u00e8me semaine<\/strong><\/p>\n\n\n\n<p style=\"padding-right:var(--wp--preset--spacing--20);padding-left:var(--wp--preset--spacing--20)\">Lundi &#8211; 23\/06\/2025<\/p>\n\n\n\n<div class=\"wp-block-file has-link-color wp-elements-0c45dfeaaf707daf57471d64ad82e2f3\" style=\"padding-right:var(--wp--preset--spacing--20);padding-left:var(--wp--preset--spacing--20)\"><a id=\"wp-block-file--media-4391f922-1cc1-45f3-a94b-197c2b1ec1fe\" href=\"https:\/\/mathildenyai.fr\/wp-content\/uploads\/2025\/06\/journal_de_bord_j18.pdf\"><strong>Journal_de_bord_j18<\/strong>.<strong>pdf<\/strong><\/a><\/div>\n\n\n\n<p style=\"padding-right:var(--wp--preset--spacing--20);padding-left:var(--wp--preset--spacing--20)\">Mardi &#8211; 24\/06\/2025<\/p>\n\n\n\n<div class=\"wp-block-file has-link-color wp-elements-d009fee73da139ea25cab2bc3c84f6b3\" style=\"margin-right:var(--wp--preset--spacing--20);margin-left:var(--wp--preset--spacing--20)\"><a id=\"wp-block-file--media-14153b2b-717a-4b61-a515-b3d3f277fe3d\" href=\"https:\/\/mathildenyai.fr\/wp-content\/uploads\/2025\/06\/journal_de_bord_j19.pdf\"><strong>Journal_de_bord_j19.pdf<\/strong><\/a><\/div>\n\n\n\n<p style=\"padding-right:var(--wp--preset--spacing--20);padding-left:var(--wp--preset--spacing--20)\">Mercredi &#8211; 25\/06\/2025<\/p>\n\n\n\n<div class=\"wp-block-file has-link-color wp-elements-2e5934fcce43a83a498a26af9812417b\" style=\"margin-right:var(--wp--preset--spacing--20);margin-left:var(--wp--preset--spacing--20)\"><a id=\"wp-block-file--media-336d5834-e816-409e-b58e-a5d207f1488f\" href=\"https:\/\/mathildenyai.fr\/wp-content\/uploads\/2025\/06\/journal_de_bord_j20.pdf\"><strong>Journal_de_bord_j20<\/strong>.<strong>pdf<\/strong><\/a><\/div>\n\n\n\n<p style=\"padding-right:var(--wp--preset--spacing--20);padding-left:var(--wp--preset--spacing--20)\">Jeudi &#8211; 26\/06\/2025<\/p>\n\n\n\n<p style=\"padding-right:var(--wp--preset--spacing--20);padding-left:var(--wp--preset--spacing--20)\">Abs<\/p>\n\n\n\n<p style=\"padding-right:var(--wp--preset--spacing--20);padding-left:var(--wp--preset--spacing--20)\">Vendredi &#8211; 27\/06\/2025<\/p>\n\n\n\n<div class=\"wp-block-file has-link-color wp-elements-3fa61af21f9a24c8849ea825a88bc863\" style=\"margin-right:var(--wp--preset--spacing--20);margin-left:var(--wp--preset--spacing--20);padding-right:0;padding-left:0\"><a id=\"wp-block-file--media-aa15cb18-30df-47d6-a5da-479c41fbf391\" href=\"https:\/\/mathildenyai.fr\/wp-content\/uploads\/2025\/06\/journal_de_bord_j22.pdf\"><strong>Journal_de_bord_j22.pdf<\/strong><\/a><\/div>\n\n\n\n<div class=\"wp-block-file has-link-color wp-elements-440694755d7da3cccedd2bde12d30486\" style=\"padding-right:var(--wp--preset--spacing--20);padding-left:var(--wp--preset--spacing--20)\"><a id=\"wp-block-file--media-ccba7054-1273-4a81-96c4-1cbffa4ced28\" href=\"https:\/\/mathildenyai.fr\/wp-content\/uploads\/2025\/06\/commandes_switchs_alcatel.pdf\"><strong>Commandes_principales_switch_Alcatel_OS6_8.pdf<\/strong><\/a><\/div>\n\n\n\n<div class=\"wp-block-file has-link-color wp-elements-9581d3dc7a6cd2d0f17c9809c500850c\" style=\"padding-right:var(--wp--preset--spacing--20);padding-left:var(--wp--preset--spacing--20)\"><a id=\"wp-block-file--media-01ffc524-205d-4442-9fd4-7f2e79471daf\" href=\"https:\/\/mathildenyai.fr\/wp-content\/uploads\/2025\/06\/documentation_configuration_switch_OS6360.pdf\"><strong>Documentation_technique_configuration_sortie d&rsquo;usine_switch_OS6360 <\/strong>(<strong>OS8<\/strong>)<strong>.pdf<\/strong><\/a><\/div>\n<\/div>\n<\/div>\n\n\n\n<p><\/p>\n","protected":false},"excerpt":{"rendered":"<p>1\u00e8re semaine Lundi &#8211; 26\/05\/2025 Mardi &#8211; 27\/05\/2025 Mercredi &#8211; 28\/05\/2025 2\u00e8me semaine Lundi &#8211; 02\/06\/2025 Mardi &#8211; 03\/06\/2025 Mercredi &#8211; 04\/06\/2025 Jeudi &#8211; 05\/06\/2025 Vendredi &#8211; 06\/06\/2025 3\u00e8me semaine Lundi &#8211; 09\/06\/2025 &#8211; F\u00e9ri\u00e9 Mardi &#8211; 10\/06\/2025 Mercredi &#8211; 11\/06\/2025 Jeudi &#8211; 12\/06\/2025 Vendredi &#8211; 13\/06\/2025 4\u00e8me semaine Lundi &#8211; 16\/06\/2025 Mardi &#8211; 17\/06\/2025 [&hellip;]<\/p>\n","protected":false},"author":1,"featured_media":0,"parent":0,"menu_order":0,"comment_status":"closed","ping_status":"closed","template":"","meta":{"_uag_custom_page_level_css":"","footnotes":""},"class_list":["post-432","page","type-page","status-publish","hentry"],"blocksy_meta":[],"uagb_featured_image_src":{"full":false,"thumbnail":false,"medium":false,"medium_large":false,"large":false,"1536x1536":false,"2048x2048":false,"rb-resume-thumbnail":false},"uagb_author_info":{"display_name":"nyaimathilde","author_link":"https:\/\/mathildenyai.fr\/?author=1"},"uagb_comment_info":0,"uagb_excerpt":"1\u00e8re semaine Lundi &#8211; 26\/05\/2025 Mardi &#8211; 27\/05\/2025 Mercredi &#8211; 28\/05\/2025 2\u00e8me semaine Lundi &#8211; 02\/06\/2025 Mardi &#8211; 03\/06\/2025 Mercredi &#8211; 04\/06\/2025 Jeudi &#8211; 05\/06\/2025 Vendredi &#8211; 06\/06\/2025 3\u00e8me semaine Lundi &#8211; 09\/06\/2025 &#8211; F\u00e9ri\u00e9 Mardi &#8211; 10\/06\/2025 Mercredi &#8211; 11\/06\/2025 Jeudi &#8211; 12\/06\/2025 Vendredi &#8211; 13\/06\/2025 4\u00e8me semaine Lundi &#8211; 16\/06\/2025 Mardi &#8211; 17\/06\/2025\u2026","_links":{"self":[{"href":"https:\/\/mathildenyai.fr\/index.php?rest_route=\/wp\/v2\/pages\/432","targetHints":{"allow":["GET"]}}],"collection":[{"href":"https:\/\/mathildenyai.fr\/index.php?rest_route=\/wp\/v2\/pages"}],"about":[{"href":"https:\/\/mathildenyai.fr\/index.php?rest_route=\/wp\/v2\/types\/page"}],"author":[{"embeddable":true,"href":"https:\/\/mathildenyai.fr\/index.php?rest_route=\/wp\/v2\/users\/1"}],"replies":[{"embeddable":true,"href":"https:\/\/mathildenyai.fr\/index.php?rest_route=%2Fwp%2Fv2%2Fcomments&post=432"}],"version-history":[{"count":71,"href":"https:\/\/mathildenyai.fr\/index.php?rest_route=\/wp\/v2\/pages\/432\/revisions"}],"predecessor-version":[{"id":929,"href":"https:\/\/mathildenyai.fr\/index.php?rest_route=\/wp\/v2\/pages\/432\/revisions\/929"}],"wp:attachment":[{"href":"https:\/\/mathildenyai.fr\/index.php?rest_route=%2Fwp%2Fv2%2Fmedia&parent=432"}],"curies":[{"name":"wp","href":"https:\/\/api.w.org\/{rel}","templated":true}]}}