{"id":436,"date":"2025-05-13T13:31:52","date_gmt":"2025-05-13T11:31:52","guid":{"rendered":"https:\/\/mathildenyai.fr\/?page_id=436"},"modified":"2026-04-29T12:50:01","modified_gmt":"2026-04-29T10:50:01","slug":"stage-2","status":"publish","type":"page","link":"https:\/\/mathildenyai.fr\/?page_id=436","title":{"rendered":"Le z\u00e9ro et l&rsquo;infini"},"content":{"rendered":"\n<figure class=\"wp-block-gallery has-nested-images columns-default is-cropped wp-block-gallery-1 is-layout-flex wp-block-gallery-is-layout-flex\"><\/figure>\n\n\n\n<div class=\"wp-block-group is-layout-constrained wp-block-group-is-layout-constrained\">\n<div class=\"wp-block-columns is-layout-flex wp-container-core-columns-is-layout-28f84493 wp-block-columns-is-layout-flex\">\n<div class=\"wp-block-column has-kind-steel-gradient-background has-background is-layout-flow wp-block-column-is-layout-flow\" style=\"border-width:2px\">\n<p class=\"has-text-align-center has-wild-apple-gradient-background has-background\"><strong>1\u00e8re semaine<\/strong><\/p>\n\n\n\n<div class=\"wp-block-columns is-layout-flex wp-container-core-columns-is-layout-28f84493 wp-block-columns-is-layout-flex\">\n<div class=\"wp-block-column is-layout-flow wp-block-column-is-layout-flow\" style=\"flex-basis:66.66%\">\n<p><strong>Activit\u00e9s :<\/strong><br>Pr\u00e9paration et configuration de mat\u00e9riel mobile (tablette).<\/p>\n\n\n\n<p><strong>D\u00e9tail des t\u00e2ches :<\/strong><\/p>\n\n\n\n<ul class=\"wp-block-list\">\n<li>Configuration tablettes (sorties d\u2019usine) :\n<ul class=\"wp-block-list\">\n<li>Installation des mises \u00e0 jour syst\u00e8me.<\/li>\n\n\n\n<li>Installation et param\u00e9trage : application m\u00e9tier utilis\u00e9e par le service.<\/li>\n<\/ul>\n<\/li>\n\n\n\n<li>Suivi technique avec un prestataire et support g\u00e9n\u00e9ral:\n<ul class=\"wp-block-list\">\n<li>Objectif : appliquer les correctifs de s\u00e9curit\u00e9 n\u00e9cessaires<\/li>\n<\/ul>\n<\/li>\n\n\n\n<li>D\u00e9pannage imprimante: imprimante pr\u00e9sentant un probl\u00e8me d\u2019affichage des couleurs et de pixels.<\/li>\n\n\n\n<li>Pr\u00e9paration + installation de postes clients<\/li>\n\n\n\n<li>Activit\u00e9s diverses \/ supports ponctuels<\/li>\n<\/ul>\n\n\n\n<p><strong>Outils utilis\u00e9s :<\/strong><\/p>\n\n\n\n<ul class=\"wp-block-list\">\n<li>Tablettes META<\/li>\n\n\n\n<li>PC clients<\/li>\n<\/ul>\n<\/div>\n\n\n\n<div class=\"wp-block-column is-layout-flow wp-block-column-is-layout-flow\" style=\"flex-basis:33.33%\">\n<figure class=\"wp-block-image size-large is-resized\"><img loading=\"lazy\" decoding=\"async\" width=\"1024\" height=\"768\" src=\"https:\/\/mathildenyai.fr\/wp-content\/uploads\/2026\/02\/g7dfef6420ed1457f1ed0ff4b1272cc9459dfffca1858478be65b15970959cff736fea70d509c0d198ef223c6e140ba64_1280-462950-1024x768.png\" alt=\"tablet, android, office, work, tablet, tablet, tablet, tablet, tablet, android, android\" class=\"wp-image-795\" style=\"aspect-ratio:1.3333332366669508;width:398px;height:auto\" srcset=\"https:\/\/mathildenyai.fr\/wp-content\/uploads\/2026\/02\/g7dfef6420ed1457f1ed0ff4b1272cc9459dfffca1858478be65b15970959cff736fea70d509c0d198ef223c6e140ba64_1280-462950-1024x768.png 1024w, https:\/\/mathildenyai.fr\/wp-content\/uploads\/2026\/02\/g7dfef6420ed1457f1ed0ff4b1272cc9459dfffca1858478be65b15970959cff736fea70d509c0d198ef223c6e140ba64_1280-462950-300x225.png 300w, https:\/\/mathildenyai.fr\/wp-content\/uploads\/2026\/02\/g7dfef6420ed1457f1ed0ff4b1272cc9459dfffca1858478be65b15970959cff736fea70d509c0d198ef223c6e140ba64_1280-462950-768x576.png 768w, https:\/\/mathildenyai.fr\/wp-content\/uploads\/2026\/02\/g7dfef6420ed1457f1ed0ff4b1272cc9459dfffca1858478be65b15970959cff736fea70d509c0d198ef223c6e140ba64_1280-462950.png 1280w\" sizes=\"auto, (max-width: 1024px) 100vw, 1024px\" \/><\/figure>\n<\/div>\n<\/div>\n\n\n\n<p><\/p>\n<\/div>\n<\/div>\n\n\n\n<div class=\"wp-block-columns is-layout-flex wp-container-core-columns-is-layout-28f84493 wp-block-columns-is-layout-flex\">\n<div class=\"wp-block-column is-layout-flow wp-block-column-is-layout-flow\"><\/div>\n\n\n\n<div class=\"wp-block-column is-layout-flow wp-block-column-is-layout-flow\"><\/div>\n<\/div>\n<\/div>\n\n\n\n<hr class=\"wp-block-separator has-alpha-channel-opacity\"\/>\n\n\n\n<div class=\"wp-block-columns is-layout-flex wp-container-core-columns-is-layout-28f84493 wp-block-columns-is-layout-flex\">\n<div class=\"wp-block-column has-kind-steel-gradient-background has-background is-layout-flow wp-block-column-is-layout-flow\" style=\"border-width:2px\">\n<p class=\"has-text-align-center has-wild-apple-gradient-background has-background\"><strong>2\u00e8me semaine<\/strong><\/p>\n\n\n\n<div class=\"wp-block-columns is-layout-flex wp-container-core-columns-is-layout-28f84493 wp-block-columns-is-layout-flex\">\n<div class=\"wp-block-column is-layout-flow wp-block-column-is-layout-flow\" style=\"flex-basis:66.66%\">\n<p><strong>Activit\u00e9s principales :<\/strong><br>Configuration serveur &#8211; configuration tablette<br><\/p>\n\n\n\n<p><strong>D\u00e9tail des t\u00e2ches :<\/strong><\/p>\n\n\n\n<ul class=\"wp-block-list\">\n<li>Formatage RAID <\/li>\n\n\n\n<li>Installation OS<\/li>\n\n\n\n<li>Installation r\u00f4le Hyper-v<\/li>\n\n\n\n<li>Configuration commutateur virtuel<\/li>\n\n\n\n<li>Cr\u00e9ation et configuration VM Active Directory <\/li>\n\n\n\n<li>Cr\u00e9ation VM cliente <\/li>\n\n\n\n<li>Mise en place de GPO<\/li>\n\n\n\n<li>Poursuite documentation technique configuration serveur<\/li>\n\n\n\n<li>Supports ponctuels<\/li>\n<\/ul>\n\n\n\n<p><strong>Outils utilis\u00e9s :<\/strong><\/p>\n<\/div>\n\n\n\n<div class=\"wp-block-column is-layout-flow wp-block-column-is-layout-flow\" style=\"flex-basis:33.33%\">\n<div class=\"wp-block-columns is-layout-flex wp-container-core-columns-is-layout-28f84493 wp-block-columns-is-layout-flex\">\n<div class=\"wp-block-column is-layout-flow wp-block-column-is-layout-flow\"><\/div>\n\n\n\n<div class=\"wp-block-column is-layout-flow wp-block-column-is-layout-flow\"><\/div>\n<\/div>\n\n\n\n<figure class=\"wp-block-image size-full is-resized\"><img loading=\"lazy\" decoding=\"async\" width=\"300\" height=\"168\" src=\"https:\/\/mathildenyai.fr\/wp-content\/uploads\/2026\/02\/images.jpg\" alt=\"\" class=\"wp-image-800\" style=\"aspect-ratio:1.7857597333286208;width:394px;height:auto\"\/><\/figure>\n<\/div>\n<\/div>\n\n\n\n<ul class=\"wp-block-list\">\n<li>tablettes META<\/li>\n\n\n\n<li>OS Android 15<\/li>\n\n\n\n<li>Application m\u00e9tier<\/li>\n\n\n\n<li>Serveur HPE PROLIANT ML350 GEN 9<\/li>\n<\/ul>\n<\/div>\n<\/div>\n\n\n\n<hr class=\"wp-block-separator has-alpha-channel-opacity\"\/>\n\n\n\n<div class=\"wp-block-columns is-layout-flex wp-container-core-columns-is-layout-28f84493 wp-block-columns-is-layout-flex\">\n<div class=\"wp-block-column has-kind-steel-gradient-background has-background is-layout-flow wp-block-column-is-layout-flow\" style=\"border-width:2px\">\n<p class=\"has-text-align-center has-wild-apple-gradient-background has-background\"><strong>3\u00e8me semaine<\/strong><\/p>\n\n\n\n<div class=\"wp-block-columns is-layout-flex wp-container-core-columns-is-layout-28f84493 wp-block-columns-is-layout-flex\">\n<div class=\"wp-block-column is-layout-flow wp-block-column-is-layout-flow\" style=\"flex-basis:66.66%\">\n<p><strong>Activit\u00e9 principale : <\/strong><\/p>\n\n\n\n<p>Poursuite configuration serveur<\/p>\n\n\n\n<p><strong>D\u00e9tail des t\u00e2ches : <\/strong><\/p>\n\n\n\n<ul class=\"wp-block-list\">\n<li>Installation et configuration d&rsquo;un serveur RDS <\/li>\n\n\n\n<li>Installation et configuration syst\u00e8me de fichiers \n<ul class=\"wp-block-list\">\n<li>Droits de partages et autorisations NTFS<\/li>\n<\/ul>\n<\/li>\n\n\n\n<li>Essaie routage avec le r\u00f4le natif <\/li>\n\n\n\n<li>Installation et configuration vm Routeur pfSense<\/li>\n\n\n\n<li>Poursuite documentation technique de la configuration serveur<\/li>\n\n\n\n<li>Activit\u00e9s diverses, supports ponctuels<\/li>\n<\/ul>\n\n\n\n<p><strong>Outils utilis\u00e9s :<\/strong><\/p>\n\n\n\n<ul class=\"wp-block-list\">\n<li>Serveur HP<\/li>\n\n\n\n<li>Serveur de fichier<\/li>\n\n\n\n<li>Routeur<\/li>\n<\/ul>\n<\/div>\n\n\n\n<div class=\"wp-block-column is-layout-flow wp-block-column-is-layout-flow\" style=\"flex-basis:33.33%\"><\/div>\n<\/div>\n\n\n\n<p><\/p>\n<\/div>\n<\/div>\n\n\n\n<hr class=\"wp-block-separator has-alpha-channel-opacity\"\/>\n\n\n\n<div class=\"wp-block-columns is-layout-flex wp-container-core-columns-is-layout-28f84493 wp-block-columns-is-layout-flex\">\n<div class=\"wp-block-column has-kind-steel-gradient-background has-background is-layout-flow wp-block-column-is-layout-flow\" style=\"border-width:2px\">\n<p class=\"has-text-align-center has-wild-apple-gradient-background has-background\"><strong>4\u00e8me semaine<\/strong><\/p>\n\n\n\n<div class=\"wp-block-columns is-layout-flex wp-container-core-columns-is-layout-28f84493 wp-block-columns-is-layout-flex\">\n<div class=\"wp-block-column is-layout-flow wp-block-column-is-layout-flow\" style=\"flex-basis:66.66%\">\n<p><strong>Activit\u00e9 principale :<\/strong><\/p>\n\n\n\n<p>Poursuite configuration serveur <\/p>\n\n\n\n<p><strong>D\u00e9tail des t\u00e2ches: <\/strong><\/p>\n\n\n\n<ul class=\"wp-block-list\">\n<li>Poursuite configuration pfSense<\/li>\n\n\n\n<li>Configuration serveur SMTP<\/li>\n\n\n\n<li>Poursuite documentation technique<\/li>\n\n\n\n<li>Recherche script pour automatiser le changement de mot de passe de l&rsquo;admin du DC<\/li>\n\n\n\n<li>Rapports de tests<\/li>\n\n\n\n<li>D\u00e9bug serveur <\/li>\n<\/ul>\n\n\n\n<p>Outils utilis\u00e9s : <\/p>\n\n\n\n<ul class=\"wp-block-list\">\n<li>Serveur HP<\/li>\n\n\n\n<li>Routeur<\/li>\n\n\n\n<li>Script bash<\/li>\n<\/ul>\n<\/div>\n\n\n\n<div class=\"wp-block-column is-layout-flow wp-block-column-is-layout-flow\" style=\"flex-basis:33.33%\"><\/div>\n<\/div>\n<\/div>\n<\/div>\n\n\n\n<hr class=\"wp-block-separator has-alpha-channel-opacity\"\/>\n\n\n\n<div class=\"wp-block-columns is-layout-flex wp-container-core-columns-is-layout-28f84493 wp-block-columns-is-layout-flex\">\n<div class=\"wp-block-column is-layout-flow wp-block-column-is-layout-flow\">\n<div class=\"wp-block-columns is-layout-flex wp-container-core-columns-is-layout-28f84493 wp-block-columns-is-layout-flex\">\n<div class=\"wp-block-column has-kind-steel-gradient-background has-background is-layout-flow wp-block-column-is-layout-flow\" style=\"border-width:2px\">\n<p class=\"has-text-align-center has-wild-apple-gradient-background has-background\"><strong>5e et 6e semaine<\/strong><\/p>\n\n\n\n<div class=\"wp-block-columns is-layout-flex wp-container-core-columns-is-layout-28f84493 wp-block-columns-is-layout-flex\">\n<div class=\"wp-block-column is-layout-flow wp-block-column-is-layout-flow\" style=\"flex-basis:66.66%\">\n<p><strong>Activit\u00e9 principale<\/strong><\/p>\n\n\n\n<p>Poursuite configuration serveur <\/p>\n\n\n\n<p><strong>D\u00e9tail des t\u00e2ches <\/strong><\/p>\n\n\n\n<ul class=\"wp-block-list\">\n<li>D\u00e9bug serveur<\/li>\n\n\n\n<li>Documentation configuration ipV6<\/li>\n\n\n\n<li>D\u00e9but de configuration ACL + r\u00e8gles pare feu<\/li>\n\n\n\n<li>Vm test pour une mise en place de backup automatiques<\/li>\n\n\n\n<li>Poursuite documentations serveur<\/li>\n\n\n\n<li>Remontage serveur<\/li>\n\n\n\n<li>R\u00e9paration PC clients\n<ul class=\"wp-block-list\">\n<li>Changement de dalle (MAC)<\/li>\n\n\n\n<li>Modification configuration (HP)<\/li>\n<\/ul>\n<\/li>\n<\/ul>\n\n\n\n<p><strong>Outils utilis\u00e9s:<\/strong><\/p>\n\n\n\n<ul class=\"wp-block-list\">\n<li>Serveur HP<\/li>\n\n\n\n<li>PC clients (MAC \/ HP)<\/li>\n\n\n\n<li>Pare-feu<\/li>\n\n\n\n<li>Routeur<\/li>\n<\/ul>\n<\/div>\n\n\n\n<div class=\"wp-block-column is-layout-flow wp-block-column-is-layout-flow\" style=\"flex-basis:33.33%\"><\/div>\n<\/div>\n\n\n\n<p><\/p>\n<\/div>\n<\/div>\n<\/div>\n<\/div>\n\n\n\n<div class=\"wp-block-columns is-layout-flex wp-container-core-columns-is-layout-28f84493 wp-block-columns-is-layout-flex\">\n<div class=\"wp-block-column is-layout-flow wp-block-column-is-layout-flow\"><\/div>\n\n\n\n<div class=\"wp-block-column is-layout-flow wp-block-column-is-layout-flow\"><\/div>\n<\/div>\n","protected":false},"excerpt":{"rendered":"<p>1\u00e8re semaine Activit\u00e9s :Pr\u00e9paration et configuration de mat\u00e9riel mobile (tablette). D\u00e9tail des t\u00e2ches : Outils utilis\u00e9s : 2\u00e8me semaine Activit\u00e9s principales :Configuration serveur &#8211; configuration tablette D\u00e9tail des t\u00e2ches : Outils utilis\u00e9s : 3\u00e8me semaine Activit\u00e9 principale : Poursuite configuration serveur D\u00e9tail des t\u00e2ches : Outils utilis\u00e9s : 4\u00e8me semaine Activit\u00e9 principale : Poursuite configuration [&hellip;]<\/p>\n","protected":false},"author":1,"featured_media":0,"parent":0,"menu_order":0,"comment_status":"closed","ping_status":"closed","template":"","meta":{"_uag_custom_page_level_css":"","footnotes":""},"class_list":["post-436","page","type-page","status-publish","hentry"],"blocksy_meta":[],"uagb_featured_image_src":{"full":false,"thumbnail":false,"medium":false,"medium_large":false,"large":false,"1536x1536":false,"2048x2048":false,"rb-resume-thumbnail":false},"uagb_author_info":{"display_name":"nyaimathilde","author_link":"https:\/\/mathildenyai.fr\/?author=1"},"uagb_comment_info":0,"uagb_excerpt":"1\u00e8re semaine Activit\u00e9s :Pr\u00e9paration et configuration de mat\u00e9riel mobile (tablette). D\u00e9tail des t\u00e2ches : Outils utilis\u00e9s : 2\u00e8me semaine Activit\u00e9s principales :Configuration serveur &#8211; configuration tablette D\u00e9tail des t\u00e2ches : Outils utilis\u00e9s : 3\u00e8me semaine Activit\u00e9 principale : Poursuite configuration serveur D\u00e9tail des t\u00e2ches : Outils utilis\u00e9s : 4\u00e8me semaine Activit\u00e9 principale : Poursuite configuration\u2026","_links":{"self":[{"href":"https:\/\/mathildenyai.fr\/index.php?rest_route=\/wp\/v2\/pages\/436","targetHints":{"allow":["GET"]}}],"collection":[{"href":"https:\/\/mathildenyai.fr\/index.php?rest_route=\/wp\/v2\/pages"}],"about":[{"href":"https:\/\/mathildenyai.fr\/index.php?rest_route=\/wp\/v2\/types\/page"}],"author":[{"embeddable":true,"href":"https:\/\/mathildenyai.fr\/index.php?rest_route=\/wp\/v2\/users\/1"}],"replies":[{"embeddable":true,"href":"https:\/\/mathildenyai.fr\/index.php?rest_route=%2Fwp%2Fv2%2Fcomments&post=436"}],"version-history":[{"count":15,"href":"https:\/\/mathildenyai.fr\/index.php?rest_route=\/wp\/v2\/pages\/436\/revisions"}],"predecessor-version":[{"id":957,"href":"https:\/\/mathildenyai.fr\/index.php?rest_route=\/wp\/v2\/pages\/436\/revisions\/957"}],"wp:attachment":[{"href":"https:\/\/mathildenyai.fr\/index.php?rest_route=%2Fwp%2Fv2%2Fmedia&parent=436"}],"curies":[{"name":"wp","href":"https:\/\/api.w.org\/{rel}","templated":true}]}}